{"id":124,"date":"2022-07-26T12:11:50","date_gmt":"2022-07-26T12:11:50","guid":{"rendered":"http:\/\/kfzmatasovic.at\/?page_id=124"},"modified":"2022-07-26T12:42:04","modified_gmt":"2022-07-26T12:42:04","slug":"impressum-2","status":"publish","type":"page","link":"http:\/\/kfzmatasovic.at\/?page_id=124","title":{"rendered":"Impressum"},"content":{"rendered":"\t\t<div data-elementor-type=\"wp-page\" data-elementor-id=\"124\" class=\"elementor elementor-124\">\n\t\t\t\t\t\t\t\t\t<section class=\"elementor-section elementor-top-section elementor-element elementor-element-2fa7bb6 elementor-section-boxed elementor-section-height-default elementor-section-height-default\" data-id=\"2fa7bb6\" data-element_type=\"section\">\n\t\t\t\t\t\t<div class=\"elementor-container elementor-column-gap-default\">\n\t\t\t\t\t<div class=\"elementor-column elementor-col-100 elementor-top-column elementor-element elementor-element-8828933\" data-id=\"8828933\" data-element_type=\"column\">\n\t\t\t<div class=\"elementor-widget-wrap elementor-element-populated\">\n\t\t\t\t\t\t\t\t<div class=\"elementor-element elementor-element-451766f elementor-widget elementor-widget-heading\" data-id=\"451766f\" data-element_type=\"widget\" data-widget_type=\"heading.default\">\n\t\t\t\t<div class=\"elementor-widget-container\">\n\t\t\t<style>\/*! elementor - v3.6.6 - 08-06-2022 *\/\n.elementor-heading-title{padding:0;margin:0;line-height:1}.elementor-widget-heading .elementor-heading-title[class*=elementor-size-]>a{color:inherit;font-size:inherit;line-height:inherit}.elementor-widget-heading .elementor-heading-title.elementor-size-small{font-size:15px}.elementor-widget-heading .elementor-heading-title.elementor-size-medium{font-size:19px}.elementor-widget-heading .elementor-heading-title.elementor-size-large{font-size:29px}.elementor-widget-heading .elementor-heading-title.elementor-size-xl{font-size:39px}.elementor-widget-heading .elementor-heading-title.elementor-size-xxl{font-size:59px}<\/style><h2 class=\"elementor-heading-title elementor-size-default\">Impressum<\/h2>\t\t<\/div>\n\t\t\t\t<\/div>\n\t\t\t\t<div class=\"elementor-element elementor-element-b5a6ee9 elementor-widget elementor-widget-text-editor\" data-id=\"b5a6ee9\" data-element_type=\"widget\" data-widget_type=\"text-editor.default\">\n\t\t\t\t<div class=\"elementor-widget-container\">\n\t\t\t<style>\/*! elementor - v3.6.6 - 08-06-2022 *\/\n.elementor-widget-text-editor.elementor-drop-cap-view-stacked .elementor-drop-cap{background-color:#818a91;color:#fff}.elementor-widget-text-editor.elementor-drop-cap-view-framed .elementor-drop-cap{color:#818a91;border:3px solid;background-color:transparent}.elementor-widget-text-editor:not(.elementor-drop-cap-view-default) .elementor-drop-cap{margin-top:8px}.elementor-widget-text-editor:not(.elementor-drop-cap-view-default) .elementor-drop-cap-letter{width:1em;height:1em}.elementor-widget-text-editor .elementor-drop-cap{float:left;text-align:center;line-height:1;font-size:50px}.elementor-widget-text-editor .elementor-drop-cap-letter{display:inline-block}<\/style>\t\t\t\t<p><b>Inhaberin<\/b>: Anita Emma Matasovic <br><b>Gesch\u00e4ftsf\u00fchrer<\/b>: Peter Matasovic<br><b>Anschrift<\/b>: 3464 Hausleiten, J.-Ressel-Stra\u00dfe 7<br><b>Gewerbegegenstand<\/b>: Kraftfahrzeugtechnik, verbunden mit Karosseriebauer einschlie\u00dflich Karosseriespengler und Karosserielackierer (Handwerk)<\/p>\n<p><b>Kontaktdaten<\/b>:<br><a href=\"tel: +43 664 357 1011\" style=\"font-variant-caps: normal; font-family: Roboto, sans-serif; font-size: 14px; font-style: normal; text-align: center;\">Tel:&nbsp;<span style=\"font-size: 14px; color: rgb(0, 0, 128);\">+43 664 357 1011&nbsp;<\/span><\/a><br style=\"text-align: center;\"><a href=\"mailto:%C2%ADoffice@kfzmatasovic.at\" style=\"font-variant-caps: normal; font-family: Roboto, sans-serif; font-size: 14px; font-style: normal; text-align: center;\">Mail:<span style=\"font-size: 14px; color: rgb(0, 0, 128);\">&nbsp;office@kfzmatasovic.at<\/span><\/a><br><\/p>\n<p><b>UID-Nr<\/b>: ATU 61840725&nbsp;<br>Mitglied bei der WKO N\u00f6 <br><b>Berufsrecht<\/b>: https:\/\/www.ris.bka.gv.at<br>Bezirkshauptmannschaft Korneuburg<\/p>\n<p>Verbraucher haben die M\u00f6glichkeit, Beschwerden an die Online- Streitbeilegungsplattform der EU zu richten: http:\/\/ec.europa.eu\/odr .<span style=\"font-family: monospace, monospace; font-size: 16px;\">&nbsp;<\/span><\/p>\n<p>Sie k\u00f6nnen allf\u00e4llige Beschwerde auch an die oben angegebene E-Mail-Adresse richten.&nbsp;<span style=\"font-family: monospace, monospace; font-size: 16px; color: var( --e-global-color-text );\">&nbsp;<\/span><\/p>\t\t\t\t\t\t<\/div>\n\t\t\t\t<\/div>\n\t\t\t\t\t<\/div>\n\t\t<\/div>\n\t\t\t\t\t\t\t<\/div>\n\t\t<\/section>\n\t\t\t\t\t\t\t<\/div>\n\t\t","protected":false},"excerpt":{"rendered":"<p>Impressum Inhaberin: Anita Emma Matasovic Gesch\u00e4ftsf\u00fchrer: Peter MatasovicAnschrift: 3464 Hausleiten, J.-Ressel-Stra\u00dfe 7Gewerbegegenstand: Kraftfahrzeugtechnik, verbunden mit Karosseriebauer einschlie\u00dflich Karosseriespengler und Karosserielackierer (Handwerk) Kontaktdaten:Tel:&nbsp;+43 664 357 1011&nbsp;Mail:&nbsp;office@kfzmatasovic.at UID-Nr: ATU 61840725&nbsp;Mitglied bei der WKO N\u00f6 Berufsrecht: https:\/\/www.ris.bka.gv.atBezirkshauptmannschaft Korneuburg Verbraucher haben die M\u00f6glichkeit, Beschwerden an die Online- Streitbeilegungsplattform der EU zu richten: http:\/\/ec.europa.eu\/odr .&nbsp; Sie k\u00f6nnen allf\u00e4llige Beschwerde auch [&hellip;]<\/p>\n","protected":false},"author":1,"featured_media":0,"parent":0,"menu_order":0,"comment_status":"closed","ping_status":"closed","template":"","meta":{"footnotes":""},"class_list":["post-124","page","type-page","status-publish","hentry","entry"],"_links":{"self":[{"href":"http:\/\/kfzmatasovic.at\/index.php?rest_route=\/wp\/v2\/pages\/124","targetHints":{"allow":["GET"]}}],"collection":[{"href":"http:\/\/kfzmatasovic.at\/index.php?rest_route=\/wp\/v2\/pages"}],"about":[{"href":"http:\/\/kfzmatasovic.at\/index.php?rest_route=\/wp\/v2\/types\/page"}],"author":[{"embeddable":true,"href":"http:\/\/kfzmatasovic.at\/index.php?rest_route=\/wp\/v2\/users\/1"}],"replies":[{"embeddable":true,"href":"http:\/\/kfzmatasovic.at\/index.php?rest_route=%2Fwp%2Fv2%2Fcomments&post=124"}],"version-history":[{"count":8,"href":"http:\/\/kfzmatasovic.at\/index.php?rest_route=\/wp\/v2\/pages\/124\/revisions"}],"predecessor-version":[{"id":158,"href":"http:\/\/kfzmatasovic.at\/index.php?rest_route=\/wp\/v2\/pages\/124\/revisions\/158"}],"wp:attachment":[{"href":"http:\/\/kfzmatasovic.at\/index.php?rest_route=%2Fwp%2Fv2%2Fmedia&parent=124"}],"curies":[{"name":"wp","href":"https:\/\/api.w.org\/{rel}","templated":true}]}}